{"id":241,"date":"2026-02-13T00:43:36","date_gmt":"2026-02-13T00:43:36","guid":{"rendered":"https:\/\/grizzlygarden.hu\/?page_id=241"},"modified":"2026-02-26T22:11:19","modified_gmt":"2026-02-26T22:11:19","slug":"rolunk","status":"publish","type":"page","link":"https:\/\/grizzlygarden.hu\/index.php\/rolunk\/","title":{"rendered":"R\u00f3lunk"},"content":{"rendered":"\t\t<div data-elementor-type=\"wp-page\" data-elementor-id=\"241\" class=\"elementor elementor-241\">\n\t\t\t\t<div class=\"elementor-element elementor-element-0396708 e-flex e-con-boxed e-con e-parent\" data-id=\"0396708\" data-element_type=\"container\">\n\t\t\t\t\t<div class=\"e-con-inner\">\n\t\t\t\t<div class=\"elementor-element elementor-element-1f32cfa elementor-widget elementor-widget-spacer\" data-id=\"1f32cfa\" data-element_type=\"widget\" data-widget_type=\"spacer.default\">\n\t\t\t\t\t\t\t<div class=\"elementor-spacer\">\n\t\t\t<div class=\"elementor-spacer-inner\"><\/div>\n\t\t<\/div>\n\t\t\t\t\t\t<\/div>\n\t\t\t\t<div class=\"elementor-element elementor-element-af968e0 elementor-widget elementor-widget-heading\" data-id=\"af968e0\" data-element_type=\"widget\" data-widget_type=\"heading.default\">\n\t\t\t\t\t<h2 class=\"elementor-heading-title elementor-size-default\">\u00dcdv\u00f6zl\u00fcnk a Grizzly Garden oldal\u00e1n!<\/h2>\t\t\t\t<\/div>\n\t\t\t\t<div class=\"elementor-element elementor-element-8ca6187 elementor-widget elementor-widget-heading\" data-id=\"8ca6187\" data-element_type=\"widget\" data-widget_type=\"heading.default\">\n\t\t\t\t\t<h2 class=\"elementor-heading-title elementor-size-default\">Kik vagyunk?<\/h2>\t\t\t\t<\/div>\n\t\t\t\t<div class=\"elementor-element elementor-element-b6f3181 elementor-widget elementor-widget-text-editor\" data-id=\"b6f3181\" data-element_type=\"widget\" data-widget_type=\"text-editor.default\">\n\t\t\t\t\t\t\t\t\t<p>Egy indul\u00f3, dinamikusan fejl\u0151d\u0151 v\u00e1llalkoz\u00e1s, amely friss szeml\u00e9lettel \u00e9s naprak\u00e9sz megold\u00e1sokkal hoz \u00faj sz\u00ednt a kert\u00e9p\u00edt\u00e9s vil\u00e1g\u00e1ba. B\u00fcszk\u00e9k vagyunk r\u00e1, hogy munk\u00e1nk sor\u00e1n \u00f6tv\u00f6zz\u00fck a modern design trendeket a term\u00e9szet harm\u00f3ni\u00e1j\u00e1val \u2013 legyen sz\u00f3 letisztult, minimalista kertr\u0151l, csal\u00e1dbar\u00e1t z\u00f6ld o\u00e1zisr\u00f3l vagy exkluz\u00edv, pr\u00e9mium kivitelez\u00e9sr\u0151l.<\/p><p>C\u00e9lunk olyan tereket alkotni, amelyek hossz\u00fa t\u00e1von is \u00e9rt\u00e9ket k\u00e9pviselnek, eszt\u00e9tikailag \u00e9s funkcion\u00e1lisan egyar\u00e1nt.<\/p><p>Komplett kert\u00e9p\u00edt\u00e9si szolg\u00e1ltat\u00e1st ny\u00fajtunk az els\u0151 \u00f6tlett\u0151l az utols\u00f3 f\u0171sz\u00e1lig. Sz\u00e1munkra minden projekt egyedi. Meghallgatjuk az ig\u00e9nyeidet, felm\u00e9rj\u00fck a lehet\u0151s\u00e9geket, \u00e9s olyan kertet alkotunk, amely st\u00edlusban, funkci\u00f3ban \u00e9s k\u00f6lts\u00e9gvet\u00e9sben is hozz\u00e1d illik.<\/p><p data-start=\"1927\" data-end=\"2102\" data-is-last-node=\"\" data-is-only-node=\"\">Ha szeretn\u00e9d, hogy a kerted ne csak egy ter\u00fclet legyen a h\u00e1z k\u00f6r\u00fcl, hanem val\u00f3di \u00e9lm\u00e9nyt\u00e9r, vedd fel vel\u00fcnk a kapcsolatot \u00e9s \u00e9p\u00edts\u00fck meg egy\u00fctt a saj\u00e1t z\u00f6ld t\u00f6rt\u00e9netedet!<\/p>\t\t\t\t\t\t\t\t<\/div>\n\t\t\t\t\t<\/div>\n\t\t\t\t<\/div>\n\t\t<div class=\"elementor-element elementor-element-0ba1e32 e-flex e-con-boxed e-con e-parent\" data-id=\"0ba1e32\" data-element_type=\"container\">\n\t\t\t\t\t<div class=\"e-con-inner\">\n\t\t\t\t<div class=\"elementor-element elementor-element-e25f3d9 elementor-widget elementor-widget-heading\" data-id=\"e25f3d9\" data-element_type=\"widget\" data-widget_type=\"heading.default\">\n\t\t\t\t\t<h2 class=\"elementor-heading-title elementor-size-default\">Ezt mondt\u00e1k r\u00f3lunk<\/h2>\t\t\t\t<\/div>\n\t\t<div class=\"elementor-element elementor-element-c9d8c67 e-con-full e-flex e-con e-child\" data-id=\"c9d8c67\" data-element_type=\"container\">\n\t\t\t\t<div class=\"elementor-element elementor-element-e4ae646 elementor-widget elementor-widget-testimonial\" data-id=\"e4ae646\" data-element_type=\"widget\" data-widget_type=\"testimonial.default\">\n\t\t\t\t\t\t\t<div class=\"elementor-testimonial-wrapper\">\n\t\t\t\t\t\t\t<div class=\"elementor-testimonial-content\">\u201cNagyon el\u00e9gedett voltam a munk\u00e1jukkal \u00e9s tisztas\u00e1ggal, amit maguk ut\u00e1n hagytak.\u201d<\/div>\n\t\t\t\n\t\t\t\t\t\t<div class=\"elementor-testimonial-meta\">\n\t\t\t\t<div class=\"elementor-testimonial-meta-inner\">\n\t\t\t\t\t\n\t\t\t\t\t\t\t\t\t\t<div class=\"elementor-testimonial-details\">\n\t\t\t\t\t\t\t\t\t\t\t\t\t\t<div class=\"elementor-testimonial-name\">- Kl\u00e1ra<\/div>\n\t\t\t\t\t\t\t\t\t\t\t\t\t\t\t\t\t\t\t<\/div>\n\t\t\t\t\t\t\t\t\t<\/div>\n\t\t\t<\/div>\n\t\t\t\t\t<\/div>\n\t\t\t\t\t\t<\/div>\n\t\t\t\t<div class=\"elementor-element elementor-element-8524292 elementor-widget elementor-widget-testimonial\" data-id=\"8524292\" data-element_type=\"widget\" data-widget_type=\"testimonial.default\">\n\t\t\t\t\t\t\t<div class=\"elementor-testimonial-wrapper\">\n\t\t\t\t\t\t\t<div class=\"elementor-testimonial-content\">\u201cJ\u00f3 \u00e1r-\u00e9rt\u00e9k ar\u00e1nyban dolgoznak, el\u00e9gedett vagyok.\u201d<\/div>\n\t\t\t\n\t\t\t\t\t\t<div class=\"elementor-testimonial-meta\">\n\t\t\t\t<div class=\"elementor-testimonial-meta-inner\">\n\t\t\t\t\t\n\t\t\t\t\t\t\t\t\t\t<div class=\"elementor-testimonial-details\">\n\t\t\t\t\t\t\t\t\t\t\t\t\t\t<div class=\"elementor-testimonial-name\">- Gy\u0151z\u0151<\/div>\n\t\t\t\t\t\t\t\t\t\t\t\t\t\t\t\t\t\t\t<\/div>\n\t\t\t\t\t\t\t\t\t<\/div>\n\t\t\t<\/div>\n\t\t\t\t\t<\/div>\n\t\t\t\t\t\t<\/div>\n\t\t\t\t<div class=\"elementor-element elementor-element-e7bdfb9 elementor-widget elementor-widget-testimonial\" data-id=\"e7bdfb9\" data-element_type=\"widget\" data-widget_type=\"testimonial.default\">\n\t\t\t\t\t\t\t<div class=\"elementor-testimonial-wrapper\">\n\t\t\t\t\t\t\t<div class=\"elementor-testimonial-content\">\u201cRendszeres \u0151ket h\u00edvom, ha kertben b\u00e1rmilyen munka felmer\u00fcl. Mindig \u00fagy \u00e9rzem, mintha \u00e9n lenn\u00e9k a legfontosabb \u00fcgyf\u00e9l.\u201d<\/div>\n\t\t\t\n\t\t\t\t\t\t<div class=\"elementor-testimonial-meta\">\n\t\t\t\t<div class=\"elementor-testimonial-meta-inner\">\n\t\t\t\t\t\n\t\t\t\t\t\t\t\t\t\t<div class=\"elementor-testimonial-details\">\n\t\t\t\t\t\t\t\t\t\t\t\t\t\t<div class=\"elementor-testimonial-name\">- Vir\u00e1g<\/div>\n\t\t\t\t\t\t\t\t\t\t\t\t\t\t\t\t\t\t\t<\/div>\n\t\t\t\t\t\t\t\t\t<\/div>\n\t\t\t<\/div>\n\t\t\t\t\t<\/div>\n\t\t\t\t\t\t<\/div>\n\t\t\t\t<\/div>\n\t\t\t\t\t<\/div>\n\t\t\t\t<\/div>\n\t\t<div class=\"elementor-element elementor-element-1185b49 e-con-full e-flex e-con e-parent\" data-id=\"1185b49\" data-element_type=\"container\" data-settings=\"{&quot;background_background&quot;:&quot;classic&quot;}\">\n\t\t<div class=\"elementor-element elementor-element-7fe3890 e-con-full e-flex e-con e-child\" data-id=\"7fe3890\" data-element_type=\"container\">\n\t\t\t\t<div class=\"elementor-element elementor-element-72f649f elementor-widget elementor-widget-heading\" data-id=\"72f649f\" data-element_type=\"widget\" data-widget_type=\"heading.default\">\n\t\t\t\t\t<h2 class=\"elementor-heading-title elementor-size-default\">Grizzlyk<\/h2>\t\t\t\t<\/div>\n\t\t\t\t<div class=\"elementor-element elementor-element-c1a5969 elementor-widget elementor-widget-text-editor\" data-id=\"c1a5969\" data-element_type=\"widget\" data-widget_type=\"text-editor.default\">\n\t\t\t\t\t\t\t\t\t<p>Van valami var\u00e1zslatos abban, amikor az ember k\u00e9t kez\u00e9vel \u00e9r a f\u00f6ldh\u00f6z.<br \/>A talajhoz, amib\u0151l minden \u00e9let sz\u00fcletik.<br \/>A n\u00f6v\u00e9nyekhez, amelyek form\u00e1lj\u00e1k a teret.<br \/>Mi ebben \u00e9l\u00fcnk, ebben gondolkodunk: hogyan lehet egy darab ter\u00fcletb\u0151l \u00e9letet, otthont,<br \/>t\u00f6rt\u00e9netet k\u00e9sz\u00edteni.<\/p><p>A kert t\u00f6bb, mint d\u00edszlet a h\u00e1z k\u00f6r\u00fcl.<br \/>A kert a sorsod egyik sz\u00edntere.<br \/>Itt szaladsz mez\u00edtl\u00e1b a f\u0171ben a gyermekeddel.<br \/>Itt indul a napod.<br \/>Itt pihensz meg egy hossz\u00fa nap ut\u00e1n.<br \/>Itt tartod meg azt a felejthetetlen ny\u00e1ri est\u00e9t a bar\u00e1taiddal, amely \u00e9vekre sz\u00f3l\u00f3 eml\u00e9k lesz.<\/p><p>A kerted te vagy.<br \/>\u00c9s a kert visszahat r\u00e1d: hangulatodra, testedre, a lelked b\u00e9k\u00e9j\u00e9re.<\/p>\t\t\t\t\t\t\t\t<\/div>\n\t\t\t\t<\/div>\n\t\t<div class=\"elementor-element elementor-element-f81996a e-con-full e-flex e-con e-child\" data-id=\"f81996a\" data-element_type=\"container\">\n\t\t\t\t<div class=\"elementor-element elementor-element-72c8da6 elementor-widget elementor-widget-image\" data-id=\"72c8da6\" data-element_type=\"widget\" data-widget_type=\"image.default\">\n\t\t\t\t\t\t\t\t\t\t\t\t\t\t\t<img fetchpriority=\"high\" decoding=\"async\" width=\"2560\" height=\"1706\" src=\"https:\/\/grizzlygarden.hu\/wp-content\/uploads\/2026\/01\/tulipan-scaled.jpg\" class=\"attachment-full size-full wp-image-77\" alt=\"tulip\u00e1n\" srcset=\"https:\/\/grizzlygarden.hu\/wp-content\/uploads\/2026\/01\/tulipan-scaled.jpg 2560w, https:\/\/grizzlygarden.hu\/wp-content\/uploads\/2026\/01\/tulipan-300x200.jpg 300w, https:\/\/grizzlygarden.hu\/wp-content\/uploads\/2026\/01\/tulipan-1024x683.jpg 1024w, https:\/\/grizzlygarden.hu\/wp-content\/uploads\/2026\/01\/tulipan-768x512.jpg 768w, https:\/\/grizzlygarden.hu\/wp-content\/uploads\/2026\/01\/tulipan-1536x1024.jpg 1536w, https:\/\/grizzlygarden.hu\/wp-content\/uploads\/2026\/01\/tulipan-2048x1365.jpg 2048w\" sizes=\"(max-width: 2560px) 100vw, 2560px\" \/>\t\t\t\t\t\t\t\t\t\t\t\t\t\t\t<\/div>\n\t\t\t\t<\/div>\n\t\t\t\t<\/div>\n\t\t<div class=\"elementor-element elementor-element-6038404 e-flex e-con-boxed e-con e-parent\" data-id=\"6038404\" data-element_type=\"container\">\n\t\t\t\t\t<div class=\"e-con-inner\">\n\t\t\t\t<div class=\"elementor-element elementor-element-639c0a1 elementor-widget elementor-widget-spacer\" data-id=\"639c0a1\" data-element_type=\"widget\" data-widget_type=\"spacer.default\">\n\t\t\t\t\t\t\t<div class=\"elementor-spacer\">\n\t\t\t<div class=\"elementor-spacer-inner\"><\/div>\n\t\t<\/div>\n\t\t\t\t\t\t<\/div>\n\t\t\t\t<div class=\"elementor-element elementor-element-64b1c93 elementor-widget elementor-widget-heading\" data-id=\"64b1c93\" data-element_type=\"widget\" data-widget_type=\"heading.default\">\n\t\t\t\t\t<h2 class=\"elementor-heading-title elementor-size-default\">Kapcsolat<\/h2>\t\t\t\t<\/div>\n\t\t\t\t<div class=\"elementor-element elementor-element-9a706ec elementor-widget elementor-widget-spacer\" data-id=\"9a706ec\" data-element_type=\"widget\" data-widget_type=\"spacer.default\">\n\t\t\t\t\t\t\t<div class=\"elementor-spacer\">\n\t\t\t<div class=\"elementor-spacer-inner\"><\/div>\n\t\t<\/div>\n\t\t\t\t\t\t<\/div>\n\t\t\t\t\t<\/div>\n\t\t\t\t<\/div>\n\t\t<div class=\"elementor-element elementor-element-510ffef e-con-full e-flex e-con e-parent\" data-id=\"510ffef\" data-element_type=\"container\" data-settings=\"{&quot;background_background&quot;:&quot;classic&quot;}\">\n\t\t\t\t<div class=\"elementor-element elementor-element-1d0fcab elementor-view-framed elementor-shape-rounded elementor-widget__width-initial elementor-widget-mobile__width-initial elementor-position-block-start elementor-mobile-position-block-start elementor-widget elementor-widget-icon-box\" data-id=\"1d0fcab\" data-element_type=\"widget\" data-widget_type=\"icon-box.default\">\n\t\t\t\t\t\t\t<div class=\"elementor-icon-box-wrapper\">\n\n\t\t\t\t\t\t<div class=\"elementor-icon-box-icon\">\n\t\t\t\t<span  class=\"elementor-icon\">\n\t\t\t\t<svg aria-hidden=\"true\" class=\"e-font-icon-svg e-fas-map-marker-alt\" viewBox=\"0 0 384 512\" xmlns=\"http:\/\/www.w3.org\/2000\/svg\"><path d=\"M172.268 501.67C26.97 291.031 0 269.413 0 192 0 85.961 85.961 0 192 0s192 85.961 192 192c0 77.413-26.97 99.031-172.268 309.67-9.535 13.774-29.93 13.773-39.464 0zM192 272c44.183 0 80-35.817 80-80s-35.817-80-80-80-80 35.817-80 80 35.817 80 80 80z\"><\/path><\/svg>\t\t\t\t<\/span>\n\t\t\t<\/div>\n\t\t\t\n\t\t\t\t\t\t<div class=\"elementor-icon-box-content\">\n\n\t\t\t\t\n\t\t\t\t\t\t\t\t\t<p class=\"elementor-icon-box-description\">\n\t\t\t\t\t\tSz\u00e9khely<br>1161 Budapest\t\t\t\t\t<\/p>\n\t\t\t\t\n\t\t\t<\/div>\n\t\t\t\n\t\t<\/div>\n\t\t\t\t\t\t<\/div>\n\t\t\t\t<div class=\"elementor-element elementor-element-73cc1ec elementor-widget-mobile__width-initial elementor-widget elementor-widget-spacer\" data-id=\"73cc1ec\" data-element_type=\"widget\" data-widget_type=\"spacer.default\">\n\t\t\t\t\t\t\t<div class=\"elementor-spacer\">\n\t\t\t<div class=\"elementor-spacer-inner\"><\/div>\n\t\t<\/div>\n\t\t\t\t\t\t<\/div>\n\t\t\t\t<div class=\"elementor-element elementor-element-671c621 elementor-view-framed elementor-shape-rounded elementor-widget__width-initial elementor-widget-mobile__width-initial elementor-position-block-start elementor-mobile-position-block-start elementor-widget elementor-widget-icon-box\" data-id=\"671c621\" data-element_type=\"widget\" data-widget_type=\"icon-box.default\">\n\t\t\t\t\t\t\t<div class=\"elementor-icon-box-wrapper\">\n\n\t\t\t\t\t\t<div class=\"elementor-icon-box-icon\">\n\t\t\t\t<span  class=\"elementor-icon\">\n\t\t\t\t<svg aria-hidden=\"true\" class=\"e-font-icon-svg e-fas-mail-bulk\" viewBox=\"0 0 576 512\" xmlns=\"http:\/\/www.w3.org\/2000\/svg\"><path d=\"M160 448c-25.6 0-51.2-22.4-64-32-64-44.8-83.2-60.8-96-70.4V480c0 17.67 14.33 32 32 32h256c17.67 0 32-14.33 32-32V345.6c-12.8 9.6-32 25.6-96 70.4-12.8 9.6-38.4 32-64 32zm128-192H32c-17.67 0-32 14.33-32 32v16c25.6 19.2 22.4 19.2 115.2 86.4 9.6 6.4 28.8 25.6 44.8 25.6s35.2-19.2 44.8-22.4c92.8-67.2 89.6-67.2 115.2-86.4V288c0-17.67-14.33-32-32-32zm256-96H224c-17.67 0-32 14.33-32 32v32h96c33.21 0 60.59 25.42 63.71 57.82l.29-.22V416h192c17.67 0 32-14.33 32-32V192c0-17.67-14.33-32-32-32zm-32 128h-64v-64h64v64zm-352-96c0-35.29 28.71-64 64-64h224V32c0-17.67-14.33-32-32-32H96C78.33 0 64 14.33 64 32v192h96v-32z\"><\/path><\/svg>\t\t\t\t<\/span>\n\t\t\t<\/div>\n\t\t\t\n\t\t\t\t\t\t<div class=\"elementor-icon-box-content\">\n\n\t\t\t\t\n\t\t\t\t\t\t\t\t\t<p class=\"elementor-icon-box-description\">\n\t\t\t\t\t\tEmail<br>info@grizzlygarden.hu\t\t\t\t\t<\/p>\n\t\t\t\t\n\t\t\t<\/div>\n\t\t\t\n\t\t<\/div>\n\t\t\t\t\t\t<\/div>\n\t\t\t\t<div class=\"elementor-element elementor-element-a299665 elementor-widget-mobile__width-initial elementor-widget elementor-widget-spacer\" data-id=\"a299665\" data-element_type=\"widget\" data-widget_type=\"spacer.default\">\n\t\t\t\t\t\t\t<div class=\"elementor-spacer\">\n\t\t\t<div class=\"elementor-spacer-inner\"><\/div>\n\t\t<\/div>\n\t\t\t\t\t\t<\/div>\n\t\t\t\t<div class=\"elementor-element elementor-element-fbff018 elementor-view-framed elementor-shape-rounded elementor-widget__width-initial elementor-widget-mobile__width-initial elementor-position-block-start elementor-mobile-position-block-start elementor-widget elementor-widget-icon-box\" data-id=\"fbff018\" data-element_type=\"widget\" data-widget_type=\"icon-box.default\">\n\t\t\t\t\t\t\t<div class=\"elementor-icon-box-wrapper\">\n\n\t\t\t\t\t\t<div class=\"elementor-icon-box-icon\">\n\t\t\t\t<span  class=\"elementor-icon\">\n\t\t\t\t<svg aria-hidden=\"true\" class=\"e-font-icon-svg e-fas-phone-alt\" viewBox=\"0 0 512 512\" xmlns=\"http:\/\/www.w3.org\/2000\/svg\"><path d=\"M497.39 361.8l-112-48a24 24 0 0 0-28 6.9l-49.6 60.6A370.66 370.66 0 0 1 130.6 204.11l60.6-49.6a23.94 23.94 0 0 0 6.9-28l-48-112A24.16 24.16 0 0 0 122.6.61l-104 24A24 24 0 0 0 0 48c0 256.5 207.9 464 464 464a24 24 0 0 0 23.4-18.6l24-104a24.29 24.29 0 0 0-14.01-27.6z\"><\/path><\/svg>\t\t\t\t<\/span>\n\t\t\t<\/div>\n\t\t\t\n\t\t\t\t\t\t<div class=\"elementor-icon-box-content\">\n\n\t\t\t\t\n\t\t\t\t\t\t\t\t\t<p class=\"elementor-icon-box-description\">\n\t\t\t\t\t\tTelefon<br>\n+36 30 083 00 82\t\t\t\t\t<\/p>\n\t\t\t\t\n\t\t\t<\/div>\n\t\t\t\n\t\t<\/div>\n\t\t\t\t\t\t<\/div>\n\t\t\t\t<\/div>\n\t\t<div class=\"elementor-element elementor-element-a4ed4b7 e-flex e-con-boxed e-con e-parent\" data-id=\"a4ed4b7\" data-element_type=\"container\">\n\t\t\t\t\t<div class=\"e-con-inner\">\n\t\t\t\t<div class=\"elementor-element elementor-element-924a5a3 elementor-widget elementor-widget-spacer\" data-id=\"924a5a3\" data-element_type=\"widget\" data-widget_type=\"spacer.default\">\n\t\t\t\t\t\t\t<div class=\"elementor-spacer\">\n\t\t\t<div class=\"elementor-spacer-inner\"><\/div>\n\t\t<\/div>\n\t\t\t\t\t\t<\/div>\n\t\t\t\t<div class=\"elementor-element elementor-element-163467d elementor-widget__width-initial elementor-shape-rounded elementor-grid-0 e-grid-align-center elementor-widget elementor-widget-social-icons\" data-id=\"163467d\" data-element_type=\"widget\" data-widget_type=\"social-icons.default\">\n\t\t\t\t\t\t\t<div class=\"elementor-social-icons-wrapper elementor-grid\" role=\"list\">\n\t\t\t\t\t\t\t<span class=\"elementor-grid-item\" role=\"listitem\">\n\t\t\t\t\t<a class=\"elementor-icon elementor-social-icon elementor-social-icon-facebook elementor-repeater-item-1a0357d\" href=\"https:\/\/www.facebook.com\/profile.php?id=61587330818779\" target=\"_blank\">\n\t\t\t\t\t\t<span class=\"elementor-screen-only\">Facebook<\/span>\n\t\t\t\t\t\t<svg aria-hidden=\"true\" class=\"e-font-icon-svg e-fab-facebook\" viewBox=\"0 0 512 512\" xmlns=\"http:\/\/www.w3.org\/2000\/svg\"><path d=\"M504 256C504 119 393 8 256 8S8 119 8 256c0 123.78 90.69 226.38 209.25 245V327.69h-63V256h63v-54.64c0-62.15 37-96.48 93.67-96.48 27.14 0 55.52 4.84 55.52 4.84v61h-31.28c-30.8 0-40.41 19.12-40.41 38.73V256h68.78l-11 71.69h-57.78V501C413.31 482.38 504 379.78 504 256z\"><\/path><\/svg>\t\t\t\t\t<\/a>\n\t\t\t\t<\/span>\n\t\t\t\t\t\t\t<span class=\"elementor-grid-item\" role=\"listitem\">\n\t\t\t\t\t<a class=\"elementor-icon elementor-social-icon elementor-social-icon-instagram elementor-repeater-item-5341822\" href=\"https:\/\/www.instagram.com\/grizzlygarden.hu\" target=\"_blank\">\n\t\t\t\t\t\t<span class=\"elementor-screen-only\">Instagram<\/span>\n\t\t\t\t\t\t<svg aria-hidden=\"true\" class=\"e-font-icon-svg e-fab-instagram\" viewBox=\"0 0 448 512\" xmlns=\"http:\/\/www.w3.org\/2000\/svg\"><path d=\"M224.1 141c-63.6 0-114.9 51.3-114.9 114.9s51.3 114.9 114.9 114.9S339 319.5 339 255.9 287.7 141 224.1 141zm0 189.6c-41.1 0-74.7-33.5-74.7-74.7s33.5-74.7 74.7-74.7 74.7 33.5 74.7 74.7-33.6 74.7-74.7 74.7zm146.4-194.3c0 14.9-12 26.8-26.8 26.8-14.9 0-26.8-12-26.8-26.8s12-26.8 26.8-26.8 26.8 12 26.8 26.8zm76.1 27.2c-1.7-35.9-9.9-67.7-36.2-93.9-26.2-26.2-58-34.4-93.9-36.2-37-2.1-147.9-2.1-184.9 0-35.8 1.7-67.6 9.9-93.9 36.1s-34.4 58-36.2 93.9c-2.1 37-2.1 147.9 0 184.9 1.7 35.9 9.9 67.7 36.2 93.9s58 34.4 93.9 36.2c37 2.1 147.9 2.1 184.9 0 35.9-1.7 67.7-9.9 93.9-36.2 26.2-26.2 34.4-58 36.2-93.9 2.1-37 2.1-147.8 0-184.8zM398.8 388c-7.8 19.6-22.9 34.7-42.6 42.6-29.5 11.7-99.5 9-132.1 9s-102.7 2.6-132.1-9c-19.6-7.8-34.7-22.9-42.6-42.6-11.7-29.5-9-99.5-9-132.1s-2.6-102.7 9-132.1c7.8-19.6 22.9-34.7 42.6-42.6 29.5-11.7 99.5-9 132.1-9s102.7-2.6 132.1 9c19.6 7.8 34.7 22.9 42.6 42.6 11.7 29.5 9 99.5 9 132.1s2.7 102.7-9 132.1z\"><\/path><\/svg>\t\t\t\t\t<\/a>\n\t\t\t\t<\/span>\n\t\t\t\t\t<\/div>\n\t\t\t\t\t\t<\/div>\n\t\t\t\t\t<\/div>\n\t\t\t\t<\/div>\n\t\t\t\t<\/div>\n\t\t","protected":false},"excerpt":{"rendered":"<p>\u00dcdv\u00f6zl\u00fcnk a Grizzly Garden oldal\u00e1n! Kik vagyunk? Egy indul\u00f3, dinamikusan fejl\u0151d\u0151 v\u00e1llalkoz\u00e1s, amely friss szeml\u00e9lettel \u00e9s naprak\u00e9sz megold\u00e1sokkal hoz \u00faj sz\u00ednt a kert\u00e9p\u00edt\u00e9s vil\u00e1g\u00e1ba. B\u00fcszk\u00e9k vagyunk r\u00e1, hogy munk\u00e1nk sor\u00e1n \u00f6tv\u00f6zz\u00fck a modern design trendeket a term\u00e9szet harm\u00f3ni\u00e1j\u00e1val \u2013 legyen sz\u00f3 letisztult, minimalista kertr\u0151l, csal\u00e1dbar\u00e1t z\u00f6ld o\u00e1zisr\u00f3l vagy exkluz\u00edv, pr\u00e9mium kivitelez\u00e9sr\u0151l. C\u00e9lunk olyan tereket alkotni, [&hellip;]<\/p>\n","protected":false},"author":1,"featured_media":0,"parent":0,"menu_order":0,"comment_status":"closed","ping_status":"closed","template":"","meta":{"footnotes":""},"class_list":["post-241","page","type-page","status-publish","hentry"],"_links":{"self":[{"href":"https:\/\/grizzlygarden.hu\/index.php\/wp-json\/wp\/v2\/pages\/241","targetHints":{"allow":["GET"]}}],"collection":[{"href":"https:\/\/grizzlygarden.hu\/index.php\/wp-json\/wp\/v2\/pages"}],"about":[{"href":"https:\/\/grizzlygarden.hu\/index.php\/wp-json\/wp\/v2\/types\/page"}],"author":[{"embeddable":true,"href":"https:\/\/grizzlygarden.hu\/index.php\/wp-json\/wp\/v2\/users\/1"}],"replies":[{"embeddable":true,"href":"https:\/\/grizzlygarden.hu\/index.php\/wp-json\/wp\/v2\/comments?post=241"}],"version-history":[{"count":35,"href":"https:\/\/grizzlygarden.hu\/index.php\/wp-json\/wp\/v2\/pages\/241\/revisions"}],"predecessor-version":[{"id":404,"href":"https:\/\/grizzlygarden.hu\/index.php\/wp-json\/wp\/v2\/pages\/241\/revisions\/404"}],"wp:attachment":[{"href":"https:\/\/grizzlygarden.hu\/index.php\/wp-json\/wp\/v2\/media?parent=241"}],"curies":[{"name":"wp","href":"https:\/\/api.w.org\/{rel}","templated":true}]}}